{"id":371763,"date":"2024-10-06T01:24:55","date_gmt":"2024-10-06T01:24:55","guid":{"rendered":"https:\/\/secretranchexperience.com\/?page_id=371763"},"modified":"2024-10-07T14:38:47","modified_gmt":"2024-10-07T14:38:47","slug":"reservation-policies","status":"publish","type":"page","link":"https:\/\/secretranchexperience.com\/en\/reservation-policies\/","title":{"rendered":"Reservation Policies"},"content":{"rendered":"<p>[et_pb_section fb_built=&#8221;1&#8243; admin_label=&#8221;Section&#8221; module_id=&#8221;nosotros&#8221; module_class=&#8221;nosotros&#8221; _builder_version=&#8221;4.27.2&#8243; _module_preset=&#8221;default&#8221; background_enable_color=&#8221;off&#8221; background_enable_image=&#8221;off&#8221; background_size=&#8221;initial&#8221; background_position=&#8221;bottom_right&#8221; custom_padding=&#8221;80px||80px||true|false&#8221; locked=&#8221;off&#8221; global_colors_info=&#8221;{}&#8221;][et_pb_row make_equal=&#8221;on&#8221; module_class=&#8221;center-column&#8221; _builder_version=&#8221;4.27.2&#8243; _module_preset=&#8221;default&#8221; width=&#8221;95%&#8221; custom_padding=&#8221;0px||0px||true|false&#8221; global_colors_info=&#8221;{}&#8221;][et_pb_column type=&#8221;4_4&#8243; _builder_version=&#8221;4.27.0&#8243; _module_preset=&#8221;default&#8221; global_colors_info=&#8221;{}&#8221;][et_pb_text _builder_version=&#8221;4.27.2&#8243; _module_preset=&#8221;default&#8221; text_font=&#8221;|300|||||||&#8221; text_font_size=&#8221;16px&#8221; header_font=&#8221;&#8211;et_global_body_font|300|||||||&#8221; header_text_color=&#8221;#FDF6EC&#8221; header_font_size=&#8221;42px&#8221; header_2_font=&#8221;|600||on|||||&#8221; header_2_font_size=&#8221;12px&#8221; header_2_letter_spacing=&#8221;1.5px&#8221; header_3_font=&#8221;Inter|300|||||||&#8221; header_3_text_color=&#8221;#FDF6EC&#8221; header_3_font_size=&#8221;40px&#8221; text_orientation=&#8221;center&#8221; custom_margin=&#8221;||0px||false|false&#8221; global_colors_info=&#8221;{}&#8221;]<\/p>\n<h1>Reservation Policies<\/h1>\n<p>[\/et_pb_text][et_pb_divider color=&#8221;#cfc49e&#8221; divider_position=&#8221;center&#8221; _builder_version=&#8221;4.27.0&#8243; _module_preset=&#8221;default&#8221; height=&#8221;1px&#8221; custom_margin=&#8221;||0px||false|false&#8221; custom_padding=&#8221;24px||24px||true|false&#8221; custom_padding_tablet=&#8221;24px||24px||true|false&#8221; custom_padding_phone=&#8221;16px||16px||true|false&#8221; custom_padding_last_edited=&#8221;on|phone&#8221; global_colors_info=&#8221;{}&#8221;][\/et_pb_divider][et_pb_text _builder_version=&#8221;4.27.2&#8243; _module_preset=&#8221;default&#8221; text_font=&#8221;|300|||||||&#8221; header_2_font=&#8221;&#8211;et_global_body_font|300||on|||||&#8221; header_2_text_color=&#8221;#A68851&#8243; header_2_font_size=&#8221;24px&#8221; header_2_letter_spacing=&#8221;1.5px&#8221; header_3_font=&#8221;Inter|600||on|||||&#8221; header_3_text_color=&#8221;#FDF6EC&#8221; header_3_font_size=&#8221;12px&#8221; custom_margin=&#8221;||0px||false|false&#8221; hover_enabled=&#8221;0&#8243; global_colors_info=&#8221;{}&#8221; sticky_enabled=&#8221;0&#8243;]<\/p>\n<h2>Policies for Bad Weather, Unforeseen Circumstances, or Cancellations<\/h2>\n<ul>\n<li>\n<h3>Free Cancellation<\/h3>\n<p>Cancellation is allowed at no charge up to 7 days before the reserved date.<\/p>\n<\/li>\n<li>\n<h3>Cancellation between 6 and 3 Days Prior<\/h3>\n<p>A charge of 30% to 50% of the total reservation value will apply.<\/p>\n<\/li>\n<li>\n<h3>Cancellation within 48 Hours Prior<\/h3>\n<p>No refunds will be granted, and the full amount will be charged.<\/p>\n<\/li>\n<li>\n<h3>Rescheduling<\/h3>\n<p>Reservations can be rescheduled at no cost up to 3 days before the event, subject to availability.<\/p>\n<\/li>\n<li>\n<h3>Cancellations Due to Bad Weather or Circumstances Beyond Control<\/h3>\n<p>If activities cannot be carried out due to extreme weather conditions, a rescheduling at no cost or a partial refund will be offered, depending on the case.<\/p>\n<\/li>\n<li>\n<h3>Special Conditions for Group Events<\/h3>\n<p>For group bookings or private events, different policies or adjustments to cancellation timelines may apply, which will be specified at the time of booking.<\/p>\n<\/li>\n<li>\n<h3>Credit Refund<\/h3>\n<p>Instead of a monetary refund, a credit for future experiences at Secret Ranch may be offered, valid for 12 months.<\/p>\n<\/li>\n<\/ul>\n<p>[\/et_pb_text][et_pb_button button_url=&#8221;@ET-DC@eyJkeW5hbWljIjp0cnVlLCJjb250ZW50IjoiaG9tZV91cmwiLCJzZXR0aW5ncyI6e319@&#8221; button_text=&#8221;Back to website&#8221; button_alignment=&#8221;center&#8221; _builder_version=&#8221;4.27.2&#8243; _dynamic_attributes=&#8221;button_url&#8221; _module_preset=&#8221;default&#8221; custom_button=&#8221;on&#8221; button_use_icon=&#8221;off&#8221; custom_margin=&#8221;24px||||false|false&#8221; custom_padding=&#8221;12px|32px|12px|32px|true|true&#8221; locked=&#8221;off&#8221; global_colors_info=&#8221;{}&#8221;][\/et_pb_button][\/et_pb_column][\/et_pb_row][\/et_pb_section]<\/p>\n","protected":false},"excerpt":{"rendered":"<p>Reservation PoliciesPolicies for Bad Weather, Unforeseen Circumstances, or Cancellations Free Cancellation Cancellation is allowed at no charge up to 7 days before the reserved date. Cancellation between 6 and 3 Days Prior A charge of 30% to 50% of the total reservation value will apply. Cancellation within 48 Hours Prior No refunds will be granted, [&hellip;]<\/p>\n","protected":false},"author":1,"featured_media":0,"parent":0,"menu_order":0,"comment_status":"closed","ping_status":"closed","template":"","meta":{"_et_pb_use_builder":"on","_et_pb_old_content":"[et_pb_section fb_built=\"1\" admin_label=\"Section\" module_id=\"nosotros\" module_class=\"nosotros\" _builder_version=\"4.27.2\" _module_preset=\"default\" background_enable_color=\"off\" background_enable_image=\"off\" background_size=\"initial\" background_position=\"bottom_right\" custom_padding=\"80px||80px||true|false\" locked=\"off\" global_colors_info=\"{}\"][et_pb_row make_equal=\"on\" module_class=\"center-column\" _builder_version=\"4.27.2\" _module_preset=\"default\" width=\"95%\" custom_padding=\"0px||0px||true|false\" global_colors_info=\"{}\"][et_pb_column type=\"4_4\" _builder_version=\"4.27.0\" _module_preset=\"default\" global_colors_info=\"{}\"][et_pb_text _builder_version=\"4.27.2\" _module_preset=\"default\" text_font=\"|300|||||||\" text_font_size=\"16px\" header_font=\"--et_global_body_font|300|||||||\" header_text_color=\"#FDF6EC\" header_font_size=\"42px\" header_2_font=\"|600||on|||||\" header_2_font_size=\"12px\" header_2_letter_spacing=\"1.5px\" header_3_font=\"Inter|300|||||||\" header_3_text_color=\"#FDF6EC\" header_3_font_size=\"40px\" text_orientation=\"center\" custom_margin=\"||0px||false|false\" hover_enabled=\"0\" global_colors_info=\"{}\" sticky_enabled=\"0\"]\n<h1>Pol\u00edticas de Reservas<\/h1>\n[\/et_pb_text][et_pb_divider color=\"#cfc49e\" divider_position=\"center\" _builder_version=\"4.27.0\" _module_preset=\"default\" height=\"1px\" custom_margin=\"||0px||false|false\" custom_padding=\"24px||24px||true|false\" custom_padding_tablet=\"24px||24px||true|false\" custom_padding_phone=\"16px||16px||true|false\" custom_padding_last_edited=\"on|phone\" global_colors_info=\"{}\"][\/et_pb_divider][et_pb_text _builder_version=\"4.27.2\" _module_preset=\"default\" text_font=\"|300|||||||\" header_2_font=\"--et_global_body_font|300||on|||||\" header_2_font_size=\"24px\" header_2_letter_spacing=\"1.5px\" header_3_font=\"Inter|600||on|||||\" header_3_text_color=\"#FDF6EC\" header_3_font_size=\"12px\" custom_margin=\"||0px||false|false\" hover_enabled=\"0\" global_colors_info=\"{}\" header_2_text_color=\"#A68851\" sticky_enabled=\"0\"]\n<h2>Pol\u00edticas en caso de mal clima, imprevistos o cancelaci\u00f3n<\/h2>\n<h3>Cancelaci\u00f3n gratuita<\/h3>\nSe permite la cancelaci\u00f3n sin cargos hasta 7 d\u00edas antes de la fecha reservada.\n<h3>Cancelaci\u00f3n entre 7 y 3 d\u00edas antes<\/h3>\nSe aplicar\u00e1 un cargo del 30% al 50% del valor total de la reserva.\n<h3>Cancelaci\u00f3n dentro de las 48 horas previas<\/h3>\nNo se otorgar\u00e1n reembolsos, y se cobrar\u00e1 el importe total.\n<h3>Reprogramaci\u00f3n<\/h3>\nSe puede reprogramar la reserva sin costo hasta 3 d\u00edas antes del evento, sujeto a disponibilidad.\n<h3>Cancelaciones por mal tiempo o circunstancias fuera de control<\/h3>\nSi las actividades no pueden llevarse a cabo debido a condiciones meteorol\u00f3gicas extremas, se ofrecer\u00e1 una reprogramaci\u00f3n sin costo o un reembolso parcial, seg\u00fan el caso.\n<h3>Condiciones especiales para eventos grupales<\/h3>\nPara reservas grupales o eventos privados, es posible que se apliquen pol\u00edticas diferentes o ajustes en los plazos de cancelaci\u00f3n, los cuales se especificar\u00e1n al momento de la reserva.\n<h3>Devoluci\u00f3n en cr\u00e9ditos<\/h3>\nEn lugar de un reembolso monetario, se puede ofrecer un cr\u00e9dito para futuras experiencias en el Secret Ranch, con una validez de 12 meses.\n\n[\/et_pb_text][et_pb_button button_url=\"@ET-DC@eyJkeW5hbWljIjp0cnVlLCJjb250ZW50IjoiaG9tZV91cmwiLCJzZXR0aW5ncyI6e319@\" button_text=\"Volver a la web\" button_alignment=\"center\" _builder_version=\"4.27.2\" _dynamic_attributes=\"button_url\" _module_preset=\"default\" custom_button=\"on\" button_use_icon=\"off\" custom_margin=\"24px||||false|false\" custom_padding=\"12px|32px|12px|32px|true|true\" locked=\"off\" global_colors_info=\"{}\"][\/et_pb_button][\/et_pb_column][\/et_pb_row][\/et_pb_section]","_et_gb_content_width":"","inline_featured_image":false,"footnotes":""},"class_list":["post-371763","page","type-page","status-publish","hentry"],"_links":{"self":[{"href":"https:\/\/secretranchexperience.com\/en\/wp-json\/wp\/v2\/pages\/371763"}],"collection":[{"href":"https:\/\/secretranchexperience.com\/en\/wp-json\/wp\/v2\/pages"}],"about":[{"href":"https:\/\/secretranchexperience.com\/en\/wp-json\/wp\/v2\/types\/page"}],"author":[{"embeddable":true,"href":"https:\/\/secretranchexperience.com\/en\/wp-json\/wp\/v2\/users\/1"}],"replies":[{"embeddable":true,"href":"https:\/\/secretranchexperience.com\/en\/wp-json\/wp\/v2\/comments?post=371763"}],"version-history":[{"count":0,"href":"https:\/\/secretranchexperience.com\/en\/wp-json\/wp\/v2\/pages\/371763\/revisions"}],"wp:attachment":[{"href":"https:\/\/secretranchexperience.com\/en\/wp-json\/wp\/v2\/media?parent=371763"}],"curies":[{"name":"wp","href":"https:\/\/api.w.org\/{rel}","templated":true}]}}