{"id":371771,"date":"2024-10-06T01:54:34","date_gmt":"2024-10-06T01:54:34","guid":{"rendered":"https:\/\/secretranchexperience.com\/?page_id=371771"},"modified":"2024-10-06T03:31:46","modified_gmt":"2024-10-06T03:31:46","slug":"privacy-policy","status":"publish","type":"page","link":"https:\/\/secretranchexperience.com\/en\/privacy-policy\/","title":{"rendered":"Privacy Policy"},"content":{"rendered":"<p>[et_pb_section fb_built=&#8221;1&#8243; admin_label=&#8221;Section&#8221; module_id=&#8221;nosotros&#8221; module_class=&#8221;nosotros&#8221; _builder_version=&#8221;4.27.2&#8243; _module_preset=&#8221;default&#8221; background_enable_color=&#8221;off&#8221; background_enable_image=&#8221;off&#8221; background_size=&#8221;initial&#8221; background_position=&#8221;bottom_right&#8221; custom_padding=&#8221;80px||80px||true|false&#8221; locked=&#8221;off&#8221; global_colors_info=&#8221;{}&#8221;][et_pb_row make_equal=&#8221;on&#8221; module_class=&#8221;center-column&#8221; _builder_version=&#8221;4.27.2&#8243; _module_preset=&#8221;default&#8221; width=&#8221;95%&#8221; custom_padding=&#8221;0px||0px||true|false&#8221; global_colors_info=&#8221;{}&#8221;][et_pb_column type=&#8221;4_4&#8243; _builder_version=&#8221;4.27.0&#8243; _module_preset=&#8221;default&#8221; global_colors_info=&#8221;{}&#8221;][et_pb_text _builder_version=&#8221;4.27.2&#8243; _module_preset=&#8221;default&#8221; text_font=&#8221;|300|||||||&#8221; text_font_size=&#8221;16px&#8221; header_font=&#8221;&#8211;et_global_body_font|300|||||||&#8221; header_text_color=&#8221;#FDF6EC&#8221; header_font_size=&#8221;42px&#8221; header_2_font=&#8221;|600||on|||||&#8221; header_2_font_size=&#8221;12px&#8221; header_2_letter_spacing=&#8221;1.5px&#8221; header_3_font=&#8221;Inter|300|||||||&#8221; header_3_text_color=&#8221;#FDF6EC&#8221; header_3_font_size=&#8221;40px&#8221; text_orientation=&#8221;center&#8221; custom_margin=&#8221;||0px||false|false&#8221; global_colors_info=&#8221;{}&#8221;]<\/p>\n<h1>Privacy Policy<\/h1>\n<p>[\/et_pb_text][et_pb_divider color=&#8221;#cfc49e&#8221; divider_position=&#8221;center&#8221; _builder_version=&#8221;4.27.0&#8243; _module_preset=&#8221;default&#8221; height=&#8221;1px&#8221; custom_margin=&#8221;||0px||false|false&#8221; custom_padding=&#8221;24px||24px||true|false&#8221; custom_padding_tablet=&#8221;24px||24px||true|false&#8221; custom_padding_phone=&#8221;16px||16px||true|false&#8221; custom_padding_last_edited=&#8221;on|phone&#8221; global_colors_info=&#8221;{}&#8221;][\/et_pb_divider][et_pb_text _builder_version=&#8221;4.27.2&#8243; _module_preset=&#8221;default&#8221; text_font=&#8221;|300|||||||&#8221; link_font=&#8221;||||on||||&#8221; header_2_font=&#8221;&#8211;et_global_body_font|300||on|||||&#8221; header_2_text_color=&#8221;#A68851&#8243; header_2_font_size=&#8221;24px&#8221; header_2_letter_spacing=&#8221;1.5px&#8221; header_3_font=&#8221;Inter|600||on|||||&#8221; header_3_text_color=&#8221;#FDF6EC&#8221; header_3_font_size=&#8221;12px&#8221; custom_margin=&#8221;||0px||false|false&#8221; global_colors_info=&#8221;{}&#8221;]<\/p>\n<h2>Who we are<\/h2>\n<p> Our website address is:<a href=\"https:\/\/secretranchexperience.com\" target=\"_blank\" rel=\"noopener\">https:\/\/secretranchexperience.com<\/a>.<\/p>\n<h2>Comments<\/h2>\n<p> When visitors leave comments on the site we collect the data shown in the comments form, and also the visitor&#8217;s IP address and browser user agent string to help spam detection.<\/p>\n<p>An anonymized string created from your email address (also called a hash) may be provided to the Gravatar service to see if you are using it. The Gravatar service privacy policy is available at https:\/\/automattic.com\/privacy\/. After approval of your comment, your profile picture will be visible to the public in the context of your comment.<\/p>\n<h2>Multimedia<\/h2>\n<p> If you upload images to the website you should avoid uploading images with embedded location data (EXIF GPS) included. Visitors to the website can download and extract any location data from images on the website.<\/p>\n<h2 id=\"cookie-policy\">Cookies<\/h2>\n<p> If you leave a comment on our site you may opt-in to saving your name, email address and website in cookies. These are for your convenience so that you do not have to re-enter your details when you leave another comment. These cookies will last for one year.<\/p>\n<p>If you have an account and you log in to this site, we will set a temporary cookie to determine if your browser accepts cookies. This cookie contains no personal data and is discarded when you close your browser.<\/p>\n<p>When you log in, we will also set up several cookies to save your login information and your screen display choices. Login cookies last for two days, and screen options cookies last for a year. If you select &#8220;Remember Me&#8221;, your login will persist for two weeks. If you log out, your login cookies will be removed.<\/p>\n<p>If you edit or publish an article, an additional cookie will be saved in your browser. This cookie includes no personal data and simply indicates the post ID of the article you just edited. It expires after 1 day.<\/p>\n<h2>Embedded content from other websites<\/h2>\n<p> Articles on this site may include embedded content (e.g. videos, images, articles, etc.). Embedded content from other websites behaves in the exact same way as if the visitor has visited the other website.<\/p>\n<p>These websites may collect your data, use cookies, embed additional third-party tracking, and monitor your interaction with that embedded content, including tracing your interaction with the embedded content if you have an account and are logged in to that website.<\/p>\n<h2>Who we share data with<\/h2>\n<p> If you request a password reset, your IP address will be included in the reset email.<\/p>\n<h2>How long we retain your data<\/h2>\n<p> If you leave a comment, the comment and its metadata are retained indefinitely. This is so we can recognise and approve any follow-up comments automatically instead of holding them in a moderation queue.<\/p>\n<p>For users that register on our website (if applicable), we also store the personal information they provide in their user profile. All users can see, edit or delete their personal information at any time (except they cannot change their username). Website administrators can also see and edit that information.<\/p>\n<h2>What rights you have over your data<\/h2>\n<p> If you have an account on this site, or have left comments, you can request an exported file of the personal data we hold about you, including any data you have provided to us. We can also request that we erase any personal data we hold about you. This does not include data we are obliged to keep for administrative, legal, or security purposes.<\/p>\n<h2 class=\"wp-block-heading\">Where your data is sent<\/h2>\n<p> Visitor comments may be checked through an automated spam detection service.[\/et_pb_text][et_pb_button button_url=&#8221;@ET-DC@eyJkeW5hbWljIjp0cnVlLCJjb250ZW50IjoiaG9tZV91cmwiLCJzZXR0aW5ncyI6e319@&#8221; button_text=&#8221;Back to website&#8221; button_alignment=&#8221;center&#8221; _builder_version=&#8221;4.27.2&#8243; _dynamic_attributes=&#8221;button_url&#8221; _module_preset=&#8221;default&#8221; custom_button=&#8221;on&#8221; button_use_icon=&#8221;off&#8221; custom_margin=&#8221;24px||||false|false&#8221; custom_padding=&#8221;12px|32px|12px|32px|true|true&#8221; hover_enabled=&#8221;0&#8243; locked=&#8221;off&#8221; global_colors_info=&#8221;{}&#8221; sticky_enabled=&#8221;0&#8243;][\/et_pb_button][\/et_pb_column][\/et_pb_row][\/et_pb_section]<\/p>\n","protected":false},"excerpt":{"rendered":"<p>Privacy PolicyWho we are Our website address is:https:\/\/secretranchexperience.com. Comments When visitors leave comments on the site we collect the data shown in the comments form, and also the visitor&#8217;s IP address and browser user agent string to help spam detection. An anonymized string created from your email address (also called a hash) may be provided [&hellip;]<\/p>\n","protected":false},"author":1,"featured_media":0,"parent":0,"menu_order":0,"comment_status":"closed","ping_status":"closed","template":"","meta":{"_et_pb_use_builder":"on","_et_pb_old_content":"[et_pb_section fb_built=\"1\" admin_label=\"Section\" module_id=\"nosotros\" module_class=\"nosotros\" _builder_version=\"4.27.2\" _module_preset=\"default\" background_enable_color=\"off\" background_enable_image=\"off\" background_size=\"initial\" background_position=\"bottom_right\" custom_padding=\"80px||80px||true|false\" locked=\"off\" global_colors_info=\"{}\"][et_pb_row make_equal=\"on\" module_class=\"center-column\" _builder_version=\"4.27.2\" _module_preset=\"default\" width=\"95%\" custom_padding=\"0px||0px||true|false\" global_colors_info=\"{}\"][et_pb_column type=\"4_4\" _builder_version=\"4.27.0\" _module_preset=\"default\" global_colors_info=\"{}\"][et_pb_text _builder_version=\"4.27.2\" _module_preset=\"default\" text_font=\"|300|||||||\" text_font_size=\"16px\" header_font=\"--et_global_body_font|300|||||||\" header_text_color=\"#FDF6EC\" header_font_size=\"42px\" header_2_font=\"|600||on|||||\" header_2_font_size=\"12px\" header_2_letter_spacing=\"1.5px\" header_3_font=\"Inter|300|||||||\" header_3_text_color=\"#FDF6EC\" header_3_font_size=\"40px\" text_orientation=\"center\" custom_margin=\"||0px||false|false\" hover_enabled=\"0\" global_colors_info=\"{}\" sticky_enabled=\"0\"]\n<h1>Pol\u00edticas de Privacidad<\/h1>\n[\/et_pb_text][et_pb_divider color=\"#cfc49e\" divider_position=\"center\" _builder_version=\"4.27.0\" _module_preset=\"default\" height=\"1px\" custom_margin=\"||0px||false|false\" custom_padding=\"24px||24px||true|false\" custom_padding_tablet=\"24px||24px||true|false\" custom_padding_phone=\"16px||16px||true|false\" custom_padding_last_edited=\"on|phone\" global_colors_info=\"{}\"][\/et_pb_divider][et_pb_text _builder_version=\"4.27.2\" _module_preset=\"default\" text_font=\"|300|||||||\" header_2_font=\"--et_global_body_font|300||on|||||\" header_2_text_color=\"#A68851\" header_2_font_size=\"24px\" header_2_letter_spacing=\"1.5px\" header_3_font=\"Inter|600||on|||||\" header_3_text_color=\"#FDF6EC\" header_3_font_size=\"12px\" custom_margin=\"||0px||false|false\" hover_enabled=\"0\" global_colors_info=\"{}\" sticky_enabled=\"0\" link_font=\"||||on||||\"]\n<h2>Qui\u00e9nes somos<\/h2>\nLa direcci\u00f3n de nuestra web es:<a href=\"https:\/\/secretranchexperience.com\" target=\"_blank\" rel=\"noopener\"> https:\/\/secretranchexperience.com<\/a>.\n<h2>Comentarios<\/h2>\nCuando los visitantes dejan comentarios en la web, recopilamos los datos que se muestran en el formulario de comentarios, as\u00ed como la direcci\u00f3n IP del visitante y la cadena de agentes de usuario del navegador, para ayudar a la detecci\u00f3n de spam.\n\nUna cadena an\u00f3nima creada a partir de tu direcci\u00f3n de correo electr\u00f3nico (tambi\u00e9n llamada hash) puede ser proporcionada al servicio de Gravatar para ver si la est\u00e1s usando. La pol\u00edtica de privacidad del servicio Gravatar est\u00e1 disponible en https:\/\/automattic.com\/privacy\/. Despu\u00e9s de la aprobaci\u00f3n de tu comentario, la imagen de tu perfil ser\u00e1 visible para el p\u00fablico en el contexto de su comentario.\n<h2>Multimedia<\/h2>\nSi sub\u00eds im\u00e1genes a la web deber\u00edas evitar subir im\u00e1genes con datos de ubicaci\u00f3n (GPS EXIF) incluidos. Los visitantes de la web pueden descargar y extraer cualquier dato de localizaci\u00f3n de las im\u00e1genes de la web.\n<h2 id=\"politica-de-cookies\">Cookies<\/h2>\nSi dej\u00e1s un comentario en nuestro sitio, pod\u00e9s optar por guardar tu nombre, direcci\u00f3n de correo electr\u00f3nico y sitio web en las cookies. Estos son para tu conveniencia para que no tengas que volver a ingresar tus datos cuando dej\u00e9s otro comentario. Estas cookies durar\u00e1n un a\u00f1o.\n\nSi ten\u00e9s una cuenta e inici\u00e1s sesi\u00f3n en este sitio, estableceremos una cookie temporal para determinar si tu navegador acepta cookies. Esta cookie no contiene datos personales y es descartada al cerrar el navegador.\n\nCuando inici\u00e1s sesi\u00f3n, tambi\u00e9n configuraremos varias cookies para guardar tu informaci\u00f3n de inicio de sesi\u00f3n y tus opciones de visualizaci\u00f3n en pantalla. Las cookies de inicio de sesi\u00f3n duran dos d\u00edas y las cookies de opciones de pantalla duran un a\u00f1o. Si seleccion\u00e1s \"Recordarme\", tu inicio de sesi\u00f3n se mantendr\u00e1 durante dos semanas. Si cerr\u00e1s la sesi\u00f3n, se eliminar\u00e1n las cookies de inicio de sesi\u00f3n.\n\nSi edit\u00e1s o public\u00e1s un art\u00edculo, se guardar\u00e1 una cookie adicional en tu navegador. Esta cookie no incluye datos personales y simplemente indica el ID de publicaci\u00f3n del art\u00edculo que acab\u00e1s de editar. Caduca despu\u00e9s de 1 d\u00eda.\n<h2>Contenido embebido desde otros sitios web<\/h2>\nLos art\u00edculos en este sitio pueden incluir contenido incrustado (por ejemplo, videos, im\u00e1genes, art\u00edculos, etc.). El contenido incrustado de otros sitios web se comporta de la misma manera que si el visitante hubiera visitado el otro sitio web.\n\nEstos sitios web pueden recopilar tus datos, utilizar cookies, incrustar un sistema de seguimiento de terceros y supervisar su interacci\u00f3n con ese contenido incrustado, incluyendo el rastreo de tu interacci\u00f3n con el contenido incrustado si ten\u00e9s una cuenta y est\u00e1s conectado a ese sitio web.\n<h2>Con qui\u00e9n compartimos datos<\/h2>\nSi solicit\u00e1s un restablecimiento de contrase\u00f1a, tu direcci\u00f3n IP ser\u00e1 incluida en el correo electr\u00f3nico de restablecimiento.\n<h2>Cu\u00e1nto tiempo guardamos tus datos<\/h2>\nSi dej\u00e1s un comentario, el comentario y sus metadatos se conservan indefinidamente. Esto es para que podamos reconocer y aprobar cualquier comentario de seguimiento de forma autom\u00e1tica en lugar de mantenerlos en una cola de moderaci\u00f3n.\n\nPara los usuarios que se registran en nuestro sitio web (si corresponde), tambi\u00e9n almacenamos la informaci\u00f3n personal que proporcionan en su perfil de usuario. Todos los usuarios pueden ver, editar o eliminar su informaci\u00f3n personal en cualquier momento (excepto que no pueden cambiar su nombre de usuario). Los administradores del sitio web tambi\u00e9n pueden ver y editar esa informaci\u00f3n.\n<h2>Qu\u00e9 derechos ten\u00e9s sobre tus datos<\/h2>\nSi ten\u00e9s una cuenta en este sitio o has dejado comentarios, pod\u00e9s solicitar un archivo exportado de los datos personales tuyos que tenemos, incluidos los datos que nos hayas proporcionado. Tambi\u00e9n pod\u00e9s solicitar que borremos cualquier dato personal tuyo que tengamos. Esto no incluye datos que estamos obligados a mantener para fines administrativos, legales o de seguridad.\n<h2 class=\"wp-block-heading\">D\u00f3nde se env\u00edan tus datos<\/h2>\nLos comentarios de los visitantes se pueden verificar a trav\u00e9s de un servicio autom\u00e1tico de detecci\u00f3n de spam.[\/et_pb_text][et_pb_button button_url=\"@ET-DC@eyJkeW5hbWljIjp0cnVlLCJjb250ZW50IjoiaG9tZV91cmwiLCJzZXR0aW5ncyI6e319@\" button_text=\"Volver a la web\" button_alignment=\"center\" _builder_version=\"4.27.2\" _dynamic_attributes=\"button_url\" _module_preset=\"default\" custom_button=\"on\" button_use_icon=\"off\" custom_margin=\"24px||||false|false\" custom_padding=\"12px|32px|12px|32px|true|true\" locked=\"off\" global_colors_info=\"{}\"][\/et_pb_button][\/et_pb_column][\/et_pb_row][\/et_pb_section]","_et_gb_content_width":"","inline_featured_image":false,"footnotes":""},"class_list":["post-371771","page","type-page","status-publish","hentry"],"_links":{"self":[{"href":"https:\/\/secretranchexperience.com\/en\/wp-json\/wp\/v2\/pages\/371771"}],"collection":[{"href":"https:\/\/secretranchexperience.com\/en\/wp-json\/wp\/v2\/pages"}],"about":[{"href":"https:\/\/secretranchexperience.com\/en\/wp-json\/wp\/v2\/types\/page"}],"author":[{"embeddable":true,"href":"https:\/\/secretranchexperience.com\/en\/wp-json\/wp\/v2\/users\/1"}],"replies":[{"embeddable":true,"href":"https:\/\/secretranchexperience.com\/en\/wp-json\/wp\/v2\/comments?post=371771"}],"version-history":[{"count":0,"href":"https:\/\/secretranchexperience.com\/en\/wp-json\/wp\/v2\/pages\/371771\/revisions"}],"wp:attachment":[{"href":"https:\/\/secretranchexperience.com\/en\/wp-json\/wp\/v2\/media?parent=371771"}],"curies":[{"name":"wp","href":"https:\/\/api.w.org\/{rel}","templated":true}]}}