{"id":371864,"date":"2024-10-06T01:54:34","date_gmt":"2024-10-06T01:54:34","guid":{"rendered":"https:\/\/secretranchexperience.com\/?page_id=371864"},"modified":"2024-10-07T02:20:28","modified_gmt":"2024-10-07T02:20:28","slug":"politica-de-privacidade","status":"publish","type":"page","link":"https:\/\/secretranchexperience.com\/pt-br\/politica-de-privacidade\/","title":{"rendered":"Pol\u00edtica de Privacidade"},"content":{"rendered":"<p>[et_pb_section fb_built=&#8221;1&#8243; admin_label=&#8221;Section&#8221; module_id=&#8221;nosotros&#8221; module_class=&#8221;nosotros&#8221; _builder_version=&#8221;4.27.2&#8243; _module_preset=&#8221;default&#8221; background_enable_color=&#8221;off&#8221; background_enable_image=&#8221;off&#8221; background_size=&#8221;initial&#8221; background_position=&#8221;bottom_right&#8221; custom_padding=&#8221;80px||80px||true|false&#8221; locked=&#8221;off&#8221; global_colors_info=&#8221;{}&#8221;][et_pb_row make_equal=&#8221;on&#8221; module_class=&#8221;center-column&#8221; _builder_version=&#8221;4.27.2&#8243; _module_preset=&#8221;default&#8221; width=&#8221;95%&#8221; custom_padding=&#8221;0px||0px||true|false&#8221; global_colors_info=&#8221;{}&#8221;][et_pb_column type=&#8221;4_4&#8243; _builder_version=&#8221;4.27.0&#8243; _module_preset=&#8221;default&#8221; global_colors_info=&#8221;{}&#8221;][et_pb_text _builder_version=&#8221;4.27.2&#8243; _module_preset=&#8221;default&#8221; text_font=&#8221;|300|||||||&#8221; text_font_size=&#8221;16px&#8221; header_font=&#8221;&#8211;et_global_body_font|300|||||||&#8221; header_text_color=&#8221;#FDF6EC&#8221; header_font_size=&#8221;42px&#8221; header_2_font=&#8221;|600||on|||||&#8221; header_2_font_size=&#8221;12px&#8221; header_2_letter_spacing=&#8221;1.5px&#8221; header_3_font=&#8221;Inter|300|||||||&#8221; header_3_text_color=&#8221;#FDF6EC&#8221; header_3_font_size=&#8221;40px&#8221; text_orientation=&#8221;center&#8221; custom_margin=&#8221;||0px||false|false&#8221; hover_enabled=&#8221;0&#8243; global_colors_info=&#8221;{}&#8221; sticky_enabled=&#8221;0&#8243;]<\/p>\n<h1>Pol\u00edtica de Privacidade<\/h1>\n<p>[\/et_pb_text][et_pb_divider color=&#8221;#cfc49e&#8221; divider_position=&#8221;center&#8221; _builder_version=&#8221;4.27.0&#8243; _module_preset=&#8221;default&#8221; height=&#8221;1px&#8221; custom_margin=&#8221;||0px||false|false&#8221; custom_padding=&#8221;24px||24px||true|false&#8221; custom_padding_tablet=&#8221;24px||24px||true|false&#8221; custom_padding_phone=&#8221;16px||16px||true|false&#8221; custom_padding_last_edited=&#8221;on|phone&#8221; global_colors_info=&#8221;{}&#8221;][\/et_pb_divider][et_pb_text _builder_version=&#8221;4.27.2&#8243; _module_preset=&#8221;default&#8221; text_font=&#8221;|300|||||||&#8221; link_font=&#8221;||||on||||&#8221; header_2_font=&#8221;&#8211;et_global_body_font|300||on|||||&#8221; header_2_text_color=&#8221;#A68851&#8243; header_2_font_size=&#8221;24px&#8221; header_2_letter_spacing=&#8221;1.5px&#8221; header_3_font=&#8221;Inter|600||on|||||&#8221; header_3_text_color=&#8221;#FDF6EC&#8221; header_3_font_size=&#8221;12px&#8221; custom_margin=&#8221;||0px||false|false&#8221; hover_enabled=&#8221;0&#8243; global_colors_info=&#8221;{}&#8221; sticky_enabled=&#8221;0&#8243;]<\/p>\n<h2>Quem somos<\/h2>\n<p>O endere\u00e7o do nosso site \u00e9: <a href=\"https:\/\/secretranch Experience.com\" target=\"_blank\" rel=\"noopener\"> https:\/\/secretranch Experience.com<\/a>.<\/p>\n<h2>Coment\u00e1rios<\/h2>\n<p>Quando os visitantes deixam coment\u00e1rios no site, coletamos os dados mostrados no formul\u00e1rio de coment\u00e1rios, e tamb\u00e9m o endere\u00e7o IP do visitante e a string do agente do usu\u00e1rio do navegador para ajudar na detec\u00e7\u00e3o de spam.<\/p>\n<p>Uma string an\u00f4nima criada a partir do seu endere\u00e7o de e-mail (tamb\u00e9m chamada de hash) pode ser fornecida ao servi\u00e7o Gravatar para verificar se voc\u00ea a est\u00e1 usando. A pol\u00edtica de privacidade do servi\u00e7o Gravatar est\u00e1 dispon\u00edvel em https:\/\/automattic.com\/privacy\/. Ap\u00f3s a aprova\u00e7\u00e3o do seu coment\u00e1rio, a imagem do seu perfil ficar\u00e1 vis\u00edvel ao p\u00fablico no contexto do seu coment\u00e1rio.<\/p>\n<h2>Multim\u00eddia<\/h2>\n<p>Se voc\u00ea fizer upload de imagens para o site, evite enviar imagens com dados de localiza\u00e7\u00e3o (EXIF GPS) inclu\u00eddos. Os visitantes do site podem baixar e extrair quaisquer dados de localiza\u00e7\u00e3o das imagens do site.<\/p>\n<h2 id=\"cookie-policy\">Cookies<\/h2>\n<p>Se deixar um coment\u00e1rio no nosso site, voc\u00ea pode optar por salvar seu nome, endere\u00e7o de e-mail e site nos cookies. Estes s\u00e3o para sua conveni\u00eancia, para que voc\u00ea n\u00e3o precise inserir seus dados novamente ao deixar outro coment\u00e1rio. Esses cookies duram um ano.<\/p>\n<p>Se voc\u00ea tiver uma conta e fizer login neste site, definiremos um cookie tempor\u00e1rio para determinar se o seu navegador aceita cookies. Este cookie n\u00e3o cont\u00e9m dados pessoais e \u00e9 descartado quando voc\u00ea fecha o navegador.<\/p>\n<p>Quando voc\u00ea fizer login, tamb\u00e9m definiremos v\u00e1rios cookies para salvar suas informa\u00e7\u00f5es de login e op\u00e7\u00f5es de exibi\u00e7\u00e3o na tela. Os cookies de login duram dois dias e os cookies de op\u00e7\u00f5es de tela duram um ano. Se voc\u00ea selecionar &#8220;Lembrar-me&#8221;, seu login ser\u00e1 mantido por duas semanas. Se voc\u00ea sair, seus cookies de login ser\u00e3o exclu\u00eddos.<\/p>\n<p>Se voc\u00ea editar ou publicar um artigo, um cookie adicional ser\u00e1 salvo no seu navegador. Este cookie n\u00e3o inclui dados pessoais e simplesmente indica o ID de publica\u00e7\u00e3o do artigo que acabou de editar. Expira ap\u00f3s 1 dia.<\/p>\n<h2>Conte\u00fado incorporado de outros sites<\/h2>\n<p>Os artigos neste site podem incluir conte\u00fado incorporado (por exemplo, v\u00eddeos, imagens, artigos, etc.). O conte\u00fado incorporado de outros sites se comporta da mesma forma como se o visitante tivesse visitado o outro site.<\/p>\n<p>Esses sites podem coletar seus dados, usar cookies, incorporar sistemas de rastreamento de terceiros e monitorar sua intera\u00e7\u00e3o com esse conte\u00fado incorporado, incluindo rastrear sua intera\u00e7\u00e3o com o conte\u00fado incorporado se voc\u00ea tiver uma conta e estiver conectado a esse site.<\/p>\n<h2>Com quem compartilhamos dados<\/h2>\n<p>Se voc\u00ea solicitar uma redefini\u00e7\u00e3o de senha, seu endere\u00e7o IP ser\u00e1 inclu\u00eddo no e-mail de redefini\u00e7\u00e3o.<\/p>\n<h2>Por quanto tempo mantemos seus dados<\/h2>\n<p>Se voc\u00ea deixar um coment\u00e1rio, o coment\u00e1rio e seus metadados ser\u00e3o retidos indefinidamente. Isso ocorre para que possamos reconhecer e aprovar quaisquer coment\u00e1rios de acompanhamento automaticamente, em vez de mant\u00ea-los em uma fila de modera\u00e7\u00e3o.<\/p>\n<p>Para os usu\u00e1rios que se cadastram em nosso site (se aplic\u00e1vel), tamb\u00e9m armazenamos as informa\u00e7\u00f5es pessoais que eles fornecem em seu perfil de usu\u00e1rio. Todos os usu\u00e1rios podem visualizar, editar ou excluir suas informa\u00e7\u00f5es pessoais a qualquer momento (exceto que n\u00e3o podem alterar seu nome de usu\u00e1rio). Os administradores do site tamb\u00e9m podem visualizar e editar essas informa\u00e7\u00f5es.<\/p>\n<h2>Quais direitos voc\u00ea tem sobre seus dados<\/h2>\n<p>Se voc\u00ea possui uma conta neste site ou deixou coment\u00e1rios, pode solicitar um arquivo exportado dos dados pessoais que mantemos sobre voc\u00ea, incluindo quaisquer dados que voc\u00ea nos forneceu. Voc\u00ea tamb\u00e9m pode solicitar que excluamos quaisquer dados pessoais que tenhamos sobre voc\u00ea. Isto n\u00e3o inclui dados que somos obrigados a manter para fins administrativos, legais ou de seguran\u00e7a.<\/p>\n<h2 class=\"wp-block-heading\">Para onde seus dados s\u00e3o enviados<\/h2>\n<p>Os coment\u00e1rios dos visitantes podem ser verificados atrav\u00e9s de um servi\u00e7o autom\u00e1tico de detec\u00e7\u00e3o de spam.[\/et_pb_text][et_pb_button button_url=&#8221;@ET-DC@eyJkeW5hbWljIjp0cnVlLCJjb250ZW50IjoiaG9tZV91cmwiLCJzZXR0aW5ncyI6e319@&#8221; button_text=&#8221;Voltar ao site&#8221; button_alignment=&#8221;center&#8221; _builder_version=&#8221;4.27.2&#8243; _dynamic_attributes=&#8221;button_url&#8221; _module_preset=&#8221;default&#8221; custom_button=&#8221;on&#8221; button_use_icon=&#8221;off&#8221; custom_margin=&#8221;24px||||false|false&#8221; custom_padding=&#8221;12px|32px|12px|32px|true|true&#8221; hover_enabled=&#8221;0&#8243; locked=&#8221;off&#8221; global_colors_info=&#8221;{}&#8221; sticky_enabled=&#8221;0&#8243;][\/et_pb_button][\/et_pb_column][\/et_pb_row][\/et_pb_section]<\/p>\n","protected":false},"excerpt":{"rendered":"<p>Pol\u00edtica de PrivacidadeQuem somos O endere\u00e7o do nosso site \u00e9: https:\/\/secretranch Experience.com. Coment\u00e1rios Quando os visitantes deixam coment\u00e1rios no site, coletamos os dados mostrados no formul\u00e1rio de coment\u00e1rios, e tamb\u00e9m o endere\u00e7o IP do visitante e a string do agente do usu\u00e1rio do navegador para ajudar na detec\u00e7\u00e3o de spam. Uma string an\u00f4nima criada a [&hellip;]<\/p>\n","protected":false},"author":1,"featured_media":0,"parent":0,"menu_order":0,"comment_status":"closed","ping_status":"closed","template":"","meta":{"_et_pb_use_builder":"on","_et_pb_old_content":"[et_pb_section fb_built=\"1\" admin_label=\"Section\" module_id=\"nosotros\" module_class=\"nosotros\" _builder_version=\"4.27.2\" _module_preset=\"default\" background_enable_color=\"off\" background_enable_image=\"off\" background_size=\"initial\" background_position=\"bottom_right\" custom_padding=\"80px||80px||true|false\" locked=\"off\" global_colors_info=\"{}\"][et_pb_row make_equal=\"on\" module_class=\"center-column\" _builder_version=\"4.27.2\" _module_preset=\"default\" width=\"95%\" custom_padding=\"0px||0px||true|false\" global_colors_info=\"{}\"][et_pb_column type=\"4_4\" _builder_version=\"4.27.0\" _module_preset=\"default\" global_colors_info=\"{}\"][et_pb_text _builder_version=\"4.27.2\" _module_preset=\"default\" text_font=\"|300|||||||\" text_font_size=\"16px\" header_font=\"--et_global_body_font|300|||||||\" header_text_color=\"#FDF6EC\" header_font_size=\"42px\" header_2_font=\"|600||on|||||\" header_2_font_size=\"12px\" header_2_letter_spacing=\"1.5px\" header_3_font=\"Inter|300|||||||\" header_3_text_color=\"#FDF6EC\" header_3_font_size=\"40px\" text_orientation=\"center\" custom_margin=\"||0px||false|false\" global_colors_info=\"{}\"]\n<h1>Pol\u00edticas de Privacidad<\/h1>\n[\/et_pb_text][et_pb_divider color=\"#cfc49e\" divider_position=\"center\" _builder_version=\"4.27.0\" _module_preset=\"default\" height=\"1px\" custom_margin=\"||0px||false|false\" custom_padding=\"24px||24px||true|false\" custom_padding_tablet=\"24px||24px||true|false\" custom_padding_phone=\"16px||16px||true|false\" custom_padding_last_edited=\"on|phone\" global_colors_info=\"{}\"][\/et_pb_divider][et_pb_text _builder_version=\"4.27.2\" _module_preset=\"default\" text_font=\"|300|||||||\" link_font=\"||||on||||\" header_2_font=\"--et_global_body_font|300||on|||||\" header_2_text_color=\"#A68851\" header_2_font_size=\"24px\" header_2_letter_spacing=\"1.5px\" header_3_font=\"Inter|600||on|||||\" header_3_text_color=\"#FDF6EC\" header_3_font_size=\"12px\" custom_margin=\"||0px||false|false\" global_colors_info=\"{}\"]\n<h2>Qui\u00e9nes somos<\/h2>\nLa direcci\u00f3n de nuestra web es:<a href=\"https:\/\/secretranchexperience.com\" target=\"_blank\" rel=\"noopener\"> https:\/\/secretranchexperience.com<\/a>.\n<h2>Comentarios<\/h2>\nCuando los visitantes dejan comentarios en la web, recopilamos los datos que se muestran en el formulario de comentarios, as\u00ed como la direcci\u00f3n IP del visitante y la cadena de agentes de usuario del navegador, para ayudar a la detecci\u00f3n de spam.\n\nUna cadena an\u00f3nima creada a partir de tu direcci\u00f3n de correo electr\u00f3nico (tambi\u00e9n llamada hash) puede ser proporcionada al servicio de Gravatar para ver si la est\u00e1s usando. La pol\u00edtica de privacidad del servicio Gravatar est\u00e1 disponible en https:\/\/automattic.com\/privacy\/. Despu\u00e9s de la aprobaci\u00f3n de tu comentario, la imagen de tu perfil ser\u00e1 visible para el p\u00fablico en el contexto de su comentario.\n<h2>Multimedia<\/h2>\nSi sub\u00eds im\u00e1genes a la web deber\u00edas evitar subir im\u00e1genes con datos de ubicaci\u00f3n (GPS EXIF) incluidos. Los visitantes de la web pueden descargar y extraer cualquier dato de localizaci\u00f3n de las im\u00e1genes de la web.\n<h2 id=\"politica-de-cookies\">Cookies<\/h2>\nSi dej\u00e1s un comentario en nuestro sitio, pod\u00e9s optar por guardar tu nombre, direcci\u00f3n de correo electr\u00f3nico y sitio web en las cookies. Estos son para tu conveniencia para que no tengas que volver a ingresar tus datos cuando dej\u00e9s otro comentario. Estas cookies durar\u00e1n un a\u00f1o.\n\nSi ten\u00e9s una cuenta e inici\u00e1s sesi\u00f3n en este sitio, estableceremos una cookie temporal para determinar si tu navegador acepta cookies. Esta cookie no contiene datos personales y es descartada al cerrar el navegador.\n\nCuando inici\u00e1s sesi\u00f3n, tambi\u00e9n configuraremos varias cookies para guardar tu informaci\u00f3n de inicio de sesi\u00f3n y tus opciones de visualizaci\u00f3n en pantalla. Las cookies de inicio de sesi\u00f3n duran dos d\u00edas y las cookies de opciones de pantalla duran un a\u00f1o. Si seleccion\u00e1s \"Recordarme\", tu inicio de sesi\u00f3n se mantendr\u00e1 durante dos semanas. Si cerr\u00e1s la sesi\u00f3n, se eliminar\u00e1n las cookies de inicio de sesi\u00f3n.\n\nSi edit\u00e1s o public\u00e1s un art\u00edculo, se guardar\u00e1 una cookie adicional en tu navegador. Esta cookie no incluye datos personales y simplemente indica el ID de publicaci\u00f3n del art\u00edculo que acab\u00e1s de editar. Caduca despu\u00e9s de 1 d\u00eda.\n<h2>Contenido embebido desde otros sitios web<\/h2>\nLos art\u00edculos en este sitio pueden incluir contenido incrustado (por ejemplo, videos, im\u00e1genes, art\u00edculos, etc.). El contenido incrustado de otros sitios web se comporta de la misma manera que si el visitante hubiera visitado el otro sitio web.\n\nEstos sitios web pueden recopilar tus datos, utilizar cookies, incrustar un sistema de seguimiento de terceros y supervisar su interacci\u00f3n con ese contenido incrustado, incluyendo el rastreo de tu interacci\u00f3n con el contenido incrustado si ten\u00e9s una cuenta y est\u00e1s conectado a ese sitio web.\n<h2>Con qui\u00e9n compartimos datos<\/h2>\nSi solicit\u00e1s un restablecimiento de contrase\u00f1a, tu direcci\u00f3n IP ser\u00e1 incluida en el correo electr\u00f3nico de restablecimiento.\n<h2>Cu\u00e1nto tiempo guardamos tus datos<\/h2>\nSi dej\u00e1s un comentario, el comentario y sus metadatos se conservan indefinidamente. Esto es para que podamos reconocer y aprobar cualquier comentario de seguimiento de forma autom\u00e1tica en lugar de mantenerlos en una cola de moderaci\u00f3n.\n\nPara los usuarios que se registran en nuestro sitio web (si corresponde), tambi\u00e9n almacenamos la informaci\u00f3n personal que proporcionan en su perfil de usuario. Todos los usuarios pueden ver, editar o eliminar su informaci\u00f3n personal en cualquier momento (excepto que no pueden cambiar su nombre de usuario). Los administradores del sitio web tambi\u00e9n pueden ver y editar esa informaci\u00f3n.\n<h2>Qu\u00e9 derechos ten\u00e9s sobre tus datos<\/h2>\nSi ten\u00e9s una cuenta en este sitio o has dejado comentarios, pod\u00e9s solicitar un archivo exportado de los datos personales tuyos que tenemos, incluidos los datos que nos hayas proporcionado. Tambi\u00e9n pod\u00e9s solicitar que borremos cualquier dato personal tuyo que tengamos. Esto no incluye datos que estamos obligados a mantener para fines administrativos, legales o de seguridad.\n<h2 class=\"wp-block-heading\">D\u00f3nde se env\u00edan tus datos<\/h2>\nLos comentarios de los visitantes se pueden verificar a trav\u00e9s de un servicio autom\u00e1tico de detecci\u00f3n de spam.[\/et_pb_text][et_pb_button button_url=\"@ET-DC@eyJkeW5hbWljIjp0cnVlLCJjb250ZW50IjoiaG9tZV91cmwiLCJzZXR0aW5ncyI6e319@\" button_text=\"Volver a la web\" button_alignment=\"center\" _builder_version=\"4.27.2\" _dynamic_attributes=\"button_url\" _module_preset=\"default\" custom_button=\"on\" button_use_icon=\"off\" custom_margin=\"24px||||false|false\" custom_padding=\"12px|32px|12px|32px|true|true\" hover_enabled=\"0\" locked=\"off\" global_colors_info=\"{}\" sticky_enabled=\"0\"][\/et_pb_button][\/et_pb_column][\/et_pb_row][\/et_pb_section]","_et_gb_content_width":"","inline_featured_image":false,"footnotes":""},"class_list":["post-371864","page","type-page","status-publish","hentry"],"_links":{"self":[{"href":"https:\/\/secretranchexperience.com\/pt-br\/wp-json\/wp\/v2\/pages\/371864"}],"collection":[{"href":"https:\/\/secretranchexperience.com\/pt-br\/wp-json\/wp\/v2\/pages"}],"about":[{"href":"https:\/\/secretranchexperience.com\/pt-br\/wp-json\/wp\/v2\/types\/page"}],"author":[{"embeddable":true,"href":"https:\/\/secretranchexperience.com\/pt-br\/wp-json\/wp\/v2\/users\/1"}],"replies":[{"embeddable":true,"href":"https:\/\/secretranchexperience.com\/pt-br\/wp-json\/wp\/v2\/comments?post=371864"}],"version-history":[{"count":0,"href":"https:\/\/secretranchexperience.com\/pt-br\/wp-json\/wp\/v2\/pages\/371864\/revisions"}],"wp:attachment":[{"href":"https:\/\/secretranchexperience.com\/pt-br\/wp-json\/wp\/v2\/media?parent=371864"}],"curies":[{"name":"wp","href":"https:\/\/api.w.org\/{rel}","templated":true}]}}